{"id":28,"date":"2026-03-14T08:47:35","date_gmt":"2026-03-14T08:47:35","guid":{"rendered":"https:\/\/mitmachwerk-adorf.de\/kontakt\/"},"modified":"2026-03-17T22:18:34","modified_gmt":"2026-03-17T22:18:34","slug":"kontakt","status":"publish","type":"page","link":"https:\/\/mitmachwerk-adorf.de\/cs\/kontakt\/","title":{"rendered":"Kontaktujte n\u00e1s"},"content":{"rendered":"<div class=\"wp-block-group alignfull is-style-ext-preset--group--natural-1--section ext-animate--off has-background-background-color has-background has-global-padding is-layout-constrained wp-block-group-is-layout-constrained\" id=\"contact\" style=\"margin-top:0;margin-bottom:0;padding-top:var(--wp--preset--spacing--70);padding-bottom:var(--wp--preset--spacing--70)\">\n<div class=\"wp-block-media-text alignwide has-media-on-the-right is-stacked-on-mobile is-image-fill-element is-style-ext-preset--media-text--natural-1--card-1 ext-animate--on has-tertiary-background-color has-background is-style-ext-preset--media-text--natural-1--card-1--2\" style=\"grid-template-columns:auto 48%\"><div class=\"wp-block-media-text__content\">\n<div class=\"wp-block-group alignwide ext-animate--off has-global-padding is-layout-constrained wp-container-core-group-is-layout-48493932 wp-block-group-is-layout-constrained\" style=\"padding-top:var(--wp--preset--spacing--55);padding-right:var(--wp--preset--spacing--55);padding-bottom:var(--wp--preset--spacing--55);padding-left:var(--wp--preset--spacing--55)\">\n<div class=\"wp-block-contact-form-7-contact-form-selector\">\n<div class=\"wpcf7 no-js\" id=\"wpcf7-f23-o1\" lang=\"de-DE\" dir=\"ltr\" data-wpcf7-id=\"23\">\n<div class=\"screen-reader-response\"><p role=\"status\" aria-live=\"polite\" aria-atomic=\"true\"><\/p> <ul><\/ul><\/div>\n<form action=\"\/cs\/wp-json\/wp\/v2\/pages\/28#wpcf7-f23-o1\" method=\"post\" class=\"wpcf7-form init\" aria-label=\"Kontaktformular\" novalidate=\"novalidate\" data-status=\"init\" data-trp-original-action=\"\/cs\/wp-json\/wp\/v2\/pages\/28#wpcf7-f23-o1\">\n<fieldset class=\"hidden-fields-container\"><input type=\"hidden\" name=\"_wpcf7\" value=\"23\" \/><input type=\"hidden\" name=\"_wpcf7_version\" value=\"6.1.5\" \/><input type=\"hidden\" name=\"_wpcf7_locale\" value=\"de_DE\" \/><input type=\"hidden\" name=\"_wpcf7_unit_tag\" value=\"wpcf7-f23-o1\" \/><input type=\"hidden\" name=\"_wpcf7_container_post\" value=\"0\" \/><input type=\"hidden\" name=\"_wpcf7_posted_data_hash\" value=\"\" \/>\n<\/fieldset>\n<p><label> Dein Name<br \/>\n<span class=\"wpcf7-form-control-wrap\" data-name=\"your-name\"><input size=\"40\" maxlength=\"400\" class=\"wpcf7-form-control wpcf7-text wpcf7-validates-as-required\" autocomplete=\"name\" aria-required=\"true\" aria-invalid=\"false\" value=\"\" type=\"text\" name=\"your-name\" \/><\/span> <\/label>\n<\/p>\n<p><label> Deine E-Mail-Adresse<br \/>\n<span class=\"wpcf7-form-control-wrap\" data-name=\"your-email\"><input size=\"40\" maxlength=\"400\" class=\"wpcf7-form-control wpcf7-email wpcf7-validates-as-required wpcf7-text wpcf7-validates-as-email\" autocomplete=\"email\" aria-required=\"true\" aria-invalid=\"false\" value=\"\" type=\"email\" name=\"your-email\" \/><\/span> <\/label>\n<\/p>\n<p><label> Betreff<br \/>\n<span class=\"wpcf7-form-control-wrap\" data-name=\"your-subject\"><input size=\"40\" maxlength=\"400\" class=\"wpcf7-form-control wpcf7-text wpcf7-validates-as-required\" aria-required=\"true\" aria-invalid=\"false\" value=\"\" type=\"text\" name=\"your-subject\" \/><\/span> <\/label>\n<\/p>\n<p><label> Deine Nachricht (optional)<br \/>\n<span class=\"wpcf7-form-control-wrap\" data-name=\"your-message\"><textarea cols=\"40\" rows=\"10\" maxlength=\"2000\" class=\"wpcf7-form-control wpcf7-textarea\" aria-invalid=\"false\" name=\"your-message\"><\/textarea><\/span> <\/label>\n<\/p>\n<p><input class=\"wpcf7-form-control wpcf7-submit has-spinner\" type=\"submit\" value=\"Senden\" \/>\n<\/p><div class=\"wpcf7-response-output\" aria-hidden=\"true\"><\/div>\n<input type=\"hidden\" name=\"trp-form-language\" value=\"cs\"\/><\/form>\n<\/div>\n<\/div>\n<\/div>\n<\/div><figure class=\"wp-block-media-text__media\"><img decoding=\"async\" width=\"1024\" height=\"576\" data-src=\"https:\/\/mitmachwerk-adorf.de\/wp-content\/uploads\/2026\/03\/IMG-20241109-WA0002-1024x576.jpg\" alt=\"\" class=\"wp-image-234 size-full lazyload\" style=\"--smush-placeholder-width: 1024px; --smush-placeholder-aspect-ratio: 1024\/576;object-position:50% 50%\" data-srcset=\"https:\/\/mitmachwerk-adorf.de\/wp-content\/uploads\/2026\/03\/IMG-20241109-WA0002-1024x576.jpg 1024w, https:\/\/mitmachwerk-adorf.de\/wp-content\/uploads\/2026\/03\/IMG-20241109-WA0002-300x169.jpg 300w, https:\/\/mitmachwerk-adorf.de\/wp-content\/uploads\/2026\/03\/IMG-20241109-WA0002-768x432.jpg 768w, https:\/\/mitmachwerk-adorf.de\/wp-content\/uploads\/2026\/03\/IMG-20241109-WA0002-1536x864.jpg 1536w, https:\/\/mitmachwerk-adorf.de\/wp-content\/uploads\/2026\/03\/IMG-20241109-WA0002-18x10.jpg 18w, https:\/\/mitmachwerk-adorf.de\/wp-content\/uploads\/2026\/03\/IMG-20241109-WA0002.jpg 2048w\" data-sizes=\"(max-width: 1024px) 100vw, 1024px\" src=\"data:image\/svg+xml;base64,PHN2ZyB3aWR0aD0iMSIgaGVpZ2h0PSIxIiB4bWxucz0iaHR0cDovL3d3dy53My5vcmcvMjAwMC9zdmciPjwvc3ZnPg==\" \/><\/figure><\/div>\n<\/div>\n\n\n\n<div class=\"wp-block-group alignfull is-style-ext-preset--group--natural-1--section has-tertiary-background-color has-background has-global-padding is-layout-constrained wp-block-group-is-layout-constrained\" style=\"margin-top:0;margin-bottom:0;padding-top:var(--wp--preset--spacing--70);padding-bottom:var(--wp--preset--spacing--70)\">\n<div class=\"wp-block-columns alignwide is-layout-flex wp-container-core-columns-is-layout-08c01c1c wp-block-columns-is-layout-flex\">\n<div class=\"wp-block-column is-vertically-aligned-stretch ext-animate--on is-layout-flow wp-block-column-is-layout-flow\">\n<div class=\"wp-block-group alignwide is-style-ext-preset--group--natural-1--item-card-1--align-start has-background-background-color has-background is-nowrap is-layout-flex wp-container-core-group-is-layout-bcde1d39 wp-block-group-is-layout-flex is-style-ext-preset--group--natural-1--item-card-1--align-start--4\" style=\"min-height:100%;padding-top:0;padding-right:0;padding-bottom:0;padding-left:0\">\n<div class=\"wp-block-group alignwide has-global-padding is-layout-constrained wp-container-core-group-is-layout-db1a079d wp-block-group-is-layout-constrained\" style=\"padding-top:var(--wp--preset--spacing--50);padding-right:var(--wp--preset--spacing--50);padding-bottom:var(--wp--preset--spacing--50);padding-left:var(--wp--preset--spacing--50)\">\n<p style=\"font-size:clamp(14px, 0.875rem + ((1vw - 3.2px) * 0.417), 18px);\">Kontaktieren Sie uns gerne pers\u00f6nlich oder digital, um mehr \u00fcber unsere kreativen Angebote zu erfahren.<\/p>\n\n\n\n<div class=\"wp-block-columns is-not-stacked-on-mobile is-layout-flex wp-container-core-columns-is-layout-6db7e666 wp-block-columns-is-layout-flex\">\n<div class=\"wp-block-column is-vertically-aligned-top is-layout-flow wp-block-column-is-layout-flow\" style=\"padding-top:2px;flex-basis:24px\">\n<figure class=\"wp-block-image size-large wp-duotone-primary-foreground\"><img decoding=\"async\" src=\"data:image\/svg+xml;base64,PHN2ZyB4bWxucz0iaHR0cDovL3d3dy53My5vcmcvMjAwMC9zdmciIHdpZHRoPSIyNCIgaGVpZ2h0PSIyNCIgZmlsbD0iIzAwMDAwMCIgdmlld0JveD0iMCAwIDI1NiAyNTYiPjxwYXRoIGQ9Ik0yMDAsMjI0SDE1MC41NEEyNjYuNTYsMjY2LjU2LDAsMCwwLDE3NCwyMDAuMjVjMjcuNDUtMzEuNTcsNDItNjQuODUsNDItOTYuMjVhODgsODgsMCwwLDAtMTc2LDBjMCwzMS40LDE0LjUxLDY0LjY4LDQyLDk2LjI1QTI2Ni41NiwyNjYuNTYsMCwwLDAsMTA1LjQ2LDIyNEg1NmE4LDgsMCwwLDAsMCwxNkgyMDBhOCw4LDAsMCwwLDAtMTZaTTU2LDEwNGE3Miw3MiwwLDAsMSwxNDQsMGMwLDU3LjIzLTU1LjQ3LDEwNS03MiwxMThDMTExLjQ3LDIwOSw1NiwxNjEuMjMsNTYsMTA0Wm0xMTIsMGE0MCw0MCwwLDEsMC00MCw0MEE0MCw0MCwwLDAsMCwxNjgsMTA0Wm0tNjQsMGEyNCwyNCwwLDEsMSwyNCwyNEEyNCwyNCwwLDAsMSwxMDQsMTA0WiI+PC9wYXRoPjwvc3ZnPg==\" alt=\"\"\/><\/figure>\n\n\n\n<figure class=\"wp-block-image size-large ext-animate--on wp-duotone-background-tertiary\"><img decoding=\"async\" src=\"data:image\/svg+xml;base64,PHN2ZyB4bWxucz0iaHR0cDovL3d3dy53My5vcmcvMjAwMC9zdmciIHdpZHRoPSIyNCIgaGVpZ2h0PSIyNCIgZmlsbD0iIzAwMDAwMCIgdmlld0JveD0iMCAwIDI1NiAyNTYiPjxwYXRoIGQ9Ik0yMDAsMjI0SDE1MC41NEEyNjYuNTYsMjY2LjU2LDAsMCwwLDE3NCwyMDAuMjVjMjcuNDUtMzEuNTcsNDItNjQuODUsNDItOTYuMjVhODgsODgsMCwwLDAtMTc2LDBjMCwzMS40LDE0LjUxLDY0LjY4LDQyLDk2LjI1QTI2Ni41NiwyNjYuNTYsMCwwLDAsMTA1LjQ2LDIyNEg1NmE4LDgsMCwwLDAsMCwxNkgyMDBhOCw4LDAsMCwwLDAtMTZaTTU2LDEwNGE3Miw3MiwwLDAsMSwxNDQsMGMwLDU3LjIzLTU1LjQ3LDEwNS03MiwxMThDMTExLjQ3LDIwOSw1NiwxNjEuMjMsNTYsMTA0Wm0xMTIsMGE0MCw0MCwwLDEsMC00MCw0MEE0MCw0MCwwLDAsMCwxNjgsMTA0Wm0tNjQsMGEyNCwyNCwwLDEsMSwyNCwyNEEyNCwyNCwwLDAsMSwxMDQsMTA0WiI+PC9wYXRoPjwvc3ZnPg==\" alt=\"\"\/><\/figure>\n\n\n\n<figure class=\"wp-block-image size-large ext-animate--on wp-duotone-primary-foreground\"><img decoding=\"async\" src=\"data:image\/svg+xml;base64,PHN2ZyB4bWxucz0iaHR0cDovL3d3dy53My5vcmcvMjAwMC9zdmciIHdpZHRoPSIyNCIgaGVpZ2h0PSIyNCIgZmlsbD0iIzAwMDAwMCIgdmlld0JveD0iMCAwIDI1NiAyNTYiPjxwYXRoIGQ9Ik0yMjIuMzcsMTU4LjQ2bC00Ny4xMS0yMS4xMS0uMTMtLjA2YTE2LDE2LDAsMCwwLTE1LjE3LDEuNCw4LjEyLDguMTIsMCwwLDAtLjc1LjU2TDEzNC44NywxNjBjLTE1LjQyLTcuNDktMzEuMzQtMjMuMjktMzguODMtMzguNTFsMjAuNzgtMjQuNzFjLjItLjI1LjM5LS41LjU3LS43N2ExNiwxNiwwLDAsMCwxLjMyLTE1LjA2bDAtLjEyTDk3LjU0LDMzLjY0YTE2LDE2LDAsMCwwLTE2LjYyLTkuNTJBNTYuMjYsNTYuMjYsMCwwLDAsMzIsODBjMCw3OS40LDY0LjYsMTQ0LDE0NCwxNDRhNTYuMjYsNTYuMjYsMCwwLDAsNTUuODgtNDguOTJBMTYsMTYsMCwwLDAsMjIyLjM3LDE1OC40NlpNMTc2LDIwOEExMjguMTQsMTI4LjE0LDAsMCwxLDQ4LDgwLDQwLjIsNDAuMiwwLDAsMSw4Mi44Nyw0MGEuNjEuNjEsMCwwLDAsMCwuMTJsMjEsNDdMODMuMiwxMTEuODZhNi4xMyw2LjEzLDAsMCwwLS41Ny43NywxNiwxNiwwLDAsMC0xLDE1LjdjOS4wNiwxOC41MywyNy43MywzNy4wNiw0Ni40Niw0Ni4xMWExNiwxNiwwLDAsMCwxNS43NS0xLjE0LDguNDQsOC40NCwwLDAsMCwuNzQtLjU2TDE2OC44OSwxNTJsNDcsMjEuMDVoMHMuMDgsMCwuMTEsMEE0MC4yMSw0MC4yMSwwLDAsMSwxNzYsMjA4WiI+PC9wYXRoPjwvc3ZnPg==\" alt=\"\"\/><\/figure>\n\n\n\n<figure class=\"wp-block-gallery has-nested-images columns-default is-cropped ext-animate--on wp-block-gallery-5 is-layout-flex wp-block-gallery-is-layout-flex\">\n<figure class=\"wp-block-image size-large ext-animate--on wp-duotone-primary-and-secondary\"><img decoding=\"async\" src=\"data:image\/svg+xml;base64,PHN2ZyB4bWxucz0iaHR0cDovL3d3dy53My5vcmcvMjAwMC9zdmciIHdpZHRoPSIyNCIgaGVpZ2h0PSIyNCIgZmlsbD0iIzAwMDAwMCIgdmlld0JveD0iMCAwIDI1NiAyNTYiPjxwYXRoIGQ9Ik0yMDAsMjI0SDE1MC41NEEyNjYuNTYsMjY2LjU2LDAsMCwwLDE3NCwyMDAuMjVjMjcuNDUtMzEuNTcsNDItNjQuODUsNDItOTYuMjVhODgsODgsMCwwLDAtMTc2LDBjMCwzMS40LDE0LjUxLDY0LjY4LDQyLDk2LjI1QTI2Ni41NiwyNjYuNTYsMCwwLDAsMTA1LjQ2LDIyNEg1NmE4LDgsMCwwLDAsMCwxNkgyMDBhOCw4LDAsMCwwLDAtMTZaTTU2LDEwNGE3Miw3MiwwLDAsMSwxNDQsMGMwLDU3LjIzLTU1LjQ3LDEwNS03MiwxMThDMTExLjQ3LDIwOSw1NiwxNjEuMjMsNTYsMTA0Wm0xMTIsMGE0MCw0MCwwLDEsMC00MCw0MEE0MCw0MCwwLDAsMCwxNjgsMTA0Wm0tNjQsMGEyNCwyNCwwLDEsMSwyNCwyNEEyNCwyNCwwLDAsMSwxMDQsMTA0WiI+PC9wYXRoPjwvc3ZnPg==\" alt=\"\"\/><\/figure>\n<\/figure>\n\n\n\n<figure class=\"wp-block-image size-large ext-animate--on wp-duotone-background-tertiary\"><img decoding=\"async\" src=\"data:image\/svg+xml;base64,PHN2ZyB4bWxucz0iaHR0cDovL3d3dy53My5vcmcvMjAwMC9zdmciIHdpZHRoPSIyNCIgaGVpZ2h0PSIyNCIgZmlsbD0iIzAwMDAwMCIgdmlld0JveD0iMCAwIDI1NiAyNTYiPjxwYXRoIGQ9Ik0yMDAsMjI0SDE1MC41NEEyNjYuNTYsMjY2LjU2LDAsMCwwLDE3NCwyMDAuMjVjMjcuNDUtMzEuNTcsNDItNjQuODUsNDItOTYuMjVhODgsODgsMCwwLDAtMTc2LDBjMCwzMS40LDE0LjUxLDY0LjY4LDQyLDk2LjI1QTI2Ni41NiwyNjYuNTYsMCwwLDAsMTA1LjQ2LDIyNEg1NmE4LDgsMCwwLDAsMCwxNkgyMDBhOCw4LDAsMCwwLDAtMTZaTTU2LDEwNGE3Miw3MiwwLDAsMSwxNDQsMGMwLDU3LjIzLTU1LjQ3LDEwNS03MiwxMThDMTExLjQ3LDIwOSw1NiwxNjEuMjMsNTYsMTA0Wm0xMTIsMGE0MCw0MCwwLDEsMC00MCw0MEE0MCw0MCwwLDAsMCwxNjgsMTA0Wm0tNjQsMGEyNCwyNCwwLDEsMSwyNCwyNEEyNCwyNCwwLDAsMSwxMDQsMTA0WiI+PC9wYXRoPjwvc3ZnPg==\" alt=\"\"\/><\/figure>\n\n\n\n<figure class=\"wp-block-gallery has-nested-images columns-default is-cropped ext-animate--on wp-block-gallery-6 is-layout-flex wp-block-gallery-is-layout-flex\">\n<figure class=\"wp-block-image size-large ext-animate--on wp-duotone-primary-foreground\"><img decoding=\"async\" src=\"data:image\/svg+xml;base64,PHN2ZyB4bWxucz0iaHR0cDovL3d3dy53My5vcmcvMjAwMC9zdmciIHdpZHRoPSIyNCIgaGVpZ2h0PSIyNCIgZmlsbD0iIzAwMDAwMCIgdmlld0JveD0iMCAwIDI1NiAyNTYiPjxwYXRoIGQ9Ik0yMjIuMzcsMTU4LjQ2bC00Ny4xMS0yMS4xMS0uMTMtLjA2YTE2LDE2LDAsMCwwLTE1LjE3LDEuNCw4LjEyLDguMTIsMCwwLDAtLjc1LjU2TDEzNC44NywxNjBjLTE1LjQyLTcuNDktMzEuMzQtMjMuMjktMzguODMtMzguNTFsMjAuNzgtMjQuNzFjLjItLjI1LjM5LS41LjU3LS43N2ExNiwxNiwwLDAsMCwxLjMyLTE1LjA2bDAtLjEyTDk3LjU0LDMzLjY0YTE2LDE2LDAsMCwwLTE2LjYyLTkuNTJBNTYuMjYsNTYuMjYsMCwwLDAsMzIsODBjMCw3OS40LDY0LjYsMTQ0LDE0NCwxNDRhNTYuMjYsNTYuMjYsMCwwLDAsNTUuODgtNDguOTJBMTYsMTYsMCwwLDAsMjIyLjM3LDE1OC40NlpNMTc2LDIwOEExMjguMTQsMTI4LjE0LDAsMCwxLDQ4LDgwLDQwLjIsNDAuMiwwLDAsMSw4Mi44Nyw0MGEuNjEuNjEsMCwwLDAsMCwuMTJsMjEsNDdMODMuMiwxMTEuODZhNi4xMyw2LjEzLDAsMCwwLS41Ny43NywxNiwxNiwwLDAsMC0xLDE1LjdjOS4wNiwxOC41MywyNy43MywzNy4wNiw0Ni40Niw0Ni4xMWExNiwxNiwwLDAsMCwxNS43NS0xLjE0LDguNDQsOC40NCwwLDAsMCwuNzQtLjU2TDE2OC44OSwxNTJsNDcsMjEuMDVoMHMuMDgsMCwuMTEsMEE0MC4yMSw0MC4yMSwwLDAsMSwxNzYsMjA4WiI+PC9wYXRoPjwvc3ZnPg==\" alt=\"\"\/><\/figure>\n<\/figure>\n<\/div>\n\n\n\n<div class=\"wp-block-column is-layout-flow wp-container-core-column-is-layout-8a368f38 wp-block-column-is-layout-flow\">\n<p class=\"has-medium-font-size\" style=\"font-style:normal;font-weight:500\">MitMachWerk e.V.<br>Nicolle W\u00f6lfel<br>Reinhold Becker Str. 5<br>08626 Adorf<br>+49 1575 2767543                                                                                                                     <\/p>\n\n\n\n<div style=\"height:19px\" aria-hidden=\"true\" class=\"wp-block-spacer ext-animate--on\"><\/div>\n\n\n\n<p class=\"ext-animate--on has-medium-font-size\" style=\"font-style:normal;font-weight:500\">MitMachWerk e.V.<br>Ralf Meyer<br>Elsterstrasse 59<br>08626 Adorf<br>+49 170 8177037<\/p>\n<\/div>\n<\/div>\n\n\n\n<div class=\"wp-block-columns are-vertically-aligned-center is-not-stacked-on-mobile is-layout-flex wp-container-core-columns-is-layout-6db7e666 wp-block-columns-is-layout-flex\">\n<div class=\"wp-block-column is-vertically-aligned-center is-layout-flow wp-block-column-is-layout-flow\" style=\"flex-basis:24px\">\n<figure class=\"wp-block-image size-large wp-duotone-primary-foreground\"><img decoding=\"async\" src=\"data:image\/svg+xml;base64,PHN2ZyB4bWxucz0iaHR0cDovL3d3dy53My5vcmcvMjAwMC9zdmciIHdpZHRoPSIyNCIgaGVpZ2h0PSIyNCIgZmlsbD0iIzAwMDAwMCIgdmlld0JveD0iMCAwIDI1NiAyNTYiPjxwYXRoIGQ9Ik0yMjQsNDhIMzJhOCw4LDAsMCwwLTgsOFYxOTJhMTYsMTYsMCwwLDAsMTYsMTZIMjE2YTE2LDE2LDAsMCwwLDE2LTE2VjU2QTgsOCwwLDAsMCwyMjQsNDhaTTIwMy40Myw2NCwxMjgsMTMzLjE1LDUyLjU3LDY0Wk0yMTYsMTkySDQwVjc0LjE5bDgyLjU5LDc1LjcxYTgsOCwwLDAsMCwxMC44MiwwTDIxNiw3NC4xOVYxOTJaIj48L3BhdGg+PC9zdmc+\" alt=\"\"\/><\/figure>\n<\/div>\n\n\n\n<div class=\"wp-block-column is-vertically-aligned-center is-layout-flow wp-container-core-column-is-layout-8a368f38 wp-block-column-is-layout-flow\">\n<p class=\"has-medium-font-size\" style=\"font-style:normal;font-weight:500\">info@mitmachwerk-adorf.de<\/p>\n<\/div>\n<\/div>\n<\/div>\n<\/div>\n<\/div>\n\n\n\n<div class=\"wp-block-column is-vertically-aligned-center ext-animate--on is-layout-flow wp-block-column-is-layout-flow\">\n<figure class=\"wp-block-image size-full is-style-ext-preset--image--natural-1--image-1--content-right is-style-ext-preset--image--natural-1--image-1--content-right--7\"><img decoding=\"async\" width=\"2048\" height=\"1536\" data-src=\"https:\/\/mitmachwerk-adorf.de\/wp-content\/uploads\/2026\/03\/moeglichkeiten_2.jpg\" alt=\"\" class=\"wp-image-104 lazyload\" style=\"--smush-placeholder-width: 2048px; --smush-placeholder-aspect-ratio: 2048\/1536;aspect-ratio:4\/3;object-fit:cover\" src=\"data:image\/svg+xml;base64,PHN2ZyB3aWR0aD0iMSIgaGVpZ2h0PSIxIiB4bWxucz0iaHR0cDovL3d3dy53My5vcmcvMjAwMC9zdmciPjwvc3ZnPg==\" \/><\/figure>\n<\/div>\n<\/div>\n<\/div>","protected":false},"excerpt":{"rendered":"<p>Kontaktieren Sie uns gerne pers\u00f6nlich oder digital, um mehr \u00fcber unsere kreativen Angebote zu erfahren. MitMachWerk e.V.Nicolle W\u00f6lfelReinhold Becker Str. 508626 Adorf+49 1575 2767543 MitMachWerk e.V.Ralf MeyerElsterstra\u00dfe 5908626 Adorf+49 170 8177037 info@mitmachwerk-adorf.de<\/p>","protected":false},"author":1,"featured_media":0,"parent":0,"menu_order":0,"comment_status":"closed","ping_status":"closed","template":"page-with-title","meta":{"footnotes":""},"class_list":["post-28","page","type-page","status-publish","hentry"],"_links":{"self":[{"href":"https:\/\/mitmachwerk-adorf.de\/cs\/wp-json\/wp\/v2\/pages\/28","targetHints":{"allow":["GET"]}}],"collection":[{"href":"https:\/\/mitmachwerk-adorf.de\/cs\/wp-json\/wp\/v2\/pages"}],"about":[{"href":"https:\/\/mitmachwerk-adorf.de\/cs\/wp-json\/wp\/v2\/types\/page"}],"author":[{"embeddable":true,"href":"https:\/\/mitmachwerk-adorf.de\/cs\/wp-json\/wp\/v2\/users\/1"}],"replies":[{"embeddable":true,"href":"https:\/\/mitmachwerk-adorf.de\/cs\/wp-json\/wp\/v2\/comments?post=28"}],"version-history":[{"count":35,"href":"https:\/\/mitmachwerk-adorf.de\/cs\/wp-json\/wp\/v2\/pages\/28\/revisions"}],"predecessor-version":[{"id":1210,"href":"https:\/\/mitmachwerk-adorf.de\/cs\/wp-json\/wp\/v2\/pages\/28\/revisions\/1210"}],"wp:attachment":[{"href":"https:\/\/mitmachwerk-adorf.de\/cs\/wp-json\/wp\/v2\/media?parent=28"}],"curies":[{"name":"wp","href":"https:\/\/api.w.org\/{rel}","templated":true}]}}